{"id":524,"date":"2020-10-25T17:46:34","date_gmt":"2020-10-25T16:46:34","guid":{"rendered":"https:\/\/docencia.abelgarciaweb.com\/?page_id=524"},"modified":"2020-10-27T23:54:26","modified_gmt":"2020-10-27T22:54:26","slug":"les-families-instrumentals-2","status":"publish","type":"page","link":"https:\/\/docencia.abelgarciaweb.com\/?page_id=524","title":{"rendered":"Les fam\u00edlies instrumentals 2"},"content":{"rendered":"\n<p>Els cord\u00f2fons, els aer\u00f3fons i els electr\u00f2fons<\/p>\n\n\n\n<p><code><div class=\"h5p-iframe-wrapper\"><iframe id=\"h5p-iframe-64\" class=\"h5p-iframe\" data-content-id=\"64\" style=\"height:1px\" src=\"about:blank\" frameBorder=\"0\" scrolling=\"no\" title=\"Les fam\u00edlies instrumentals\"><\/iframe><\/div><\/code><\/p>\n\n\n\n<p><\/p>\n","protected":false},"excerpt":{"rendered":"<p>Els cord\u00f2fons, els aer\u00f3fons i els electr\u00f2fons<\/p>\n","protected":false},"author":1,"featured_media":0,"parent":0,"menu_order":0,"comment_status":"closed","ping_status":"closed","template":"","meta":[],"_links":{"self":[{"href":"https:\/\/docencia.abelgarciaweb.com\/index.php?rest_route=\/wp\/v2\/pages\/524"}],"collection":[{"href":"https:\/\/docencia.abelgarciaweb.com\/index.php?rest_route=\/wp\/v2\/pages"}],"about":[{"href":"https:\/\/docencia.abelgarciaweb.com\/index.php?rest_route=\/wp\/v2\/types\/page"}],"author":[{"embeddable":true,"href":"https:\/\/docencia.abelgarciaweb.com\/index.php?rest_route=\/wp\/v2\/users\/1"}],"replies":[{"embeddable":true,"href":"https:\/\/docencia.abelgarciaweb.com\/index.php?rest_route=%2Fwp%2Fv2%2Fcomments&post=524"}],"version-history":[{"count":5,"href":"https:\/\/docencia.abelgarciaweb.com\/index.php?rest_route=\/wp\/v2\/pages\/524\/revisions"}],"predecessor-version":[{"id":539,"href":"https:\/\/docencia.abelgarciaweb.com\/index.php?rest_route=\/wp\/v2\/pages\/524\/revisions\/539"}],"wp:attachment":[{"href":"https:\/\/docencia.abelgarciaweb.com\/index.php?rest_route=%2Fwp%2Fv2%2Fmedia&parent=524"}],"curies":[{"name":"wp","href":"https:\/\/api.w.org\/{rel}","templated":true}]}}