{"id":514,"date":"2020-10-18T21:45:39","date_gmt":"2020-10-18T19:45:39","guid":{"rendered":"https:\/\/docencia.abelgarciaweb.com\/?page_id=514"},"modified":"2022-03-07T20:40:24","modified_gmt":"2022-03-07T19:40:24","slug":"coeduacio","status":"publish","type":"page","link":"https:\/\/docencia.abelgarciaweb.com\/?page_id=514","title":{"rendered":"COEDUACI\u00d3"},"content":{"rendered":"\n<p>LA DONA A LA M\u00daSICA PERSA<\/p>\n\n\n\n<div class=\"h5p-iframe-wrapper\"><iframe id=\"h5p-iframe-50\" class=\"h5p-iframe\" data-content-id=\"50\" style=\"height:1px\" src=\"about:blank\" frameBorder=\"0\" scrolling=\"no\" title=\"Organologia persa 1. M\u00fasica cl\u00e0ssica iraniana\"><\/iframe><\/div>\n\n\n\n<p>LA DONA COMPOSITORA A L&#8217;EDAT MITJANA<\/p>\n\n\n\n<p><strong>1. Kassia de Costantinoble<br>Poetessa i compositora de l\u2019imperi Bizant\u00ed. Segle IX<\/strong><\/p>\n\n\n\n<div class=\"wp-block-media-text alignwide is-stacked-on-mobile\" style=\"grid-template-columns:44% auto\"><figure class=\"wp-block-media-text__media\"><img decoding=\"async\" loading=\"lazy\" width=\"432\" height=\"296\" src=\"https:\/\/docencia.abelgarciaweb.com\/wp-content\/uploads\/2020\/12\/Captura-de-pantalla-2020-12-30-a-las-12.52.58.png\" alt=\"\" class=\"wp-image-554 size-full\" srcset=\"https:\/\/docencia.abelgarciaweb.com\/wp-content\/uploads\/2020\/12\/Captura-de-pantalla-2020-12-30-a-las-12.52.58.png 432w, https:\/\/docencia.abelgarciaweb.com\/wp-content\/uploads\/2020\/12\/Captura-de-pantalla-2020-12-30-a-las-12.52.58-300x206.png 300w, https:\/\/docencia.abelgarciaweb.com\/wp-content\/uploads\/2020\/12\/Captura-de-pantalla-2020-12-30-a-las-12.52.58-50x34.png 50w, https:\/\/docencia.abelgarciaweb.com\/wp-content\/uploads\/2020\/12\/Captura-de-pantalla-2020-12-30-a-las-12.52.58-100x69.png 100w\" sizes=\"(max-width: 432px) 100vw, 432px\" \/><\/figure><div class=\"wp-block-media-text__content\">\n<p>Naci\u00f3 alrededor del a\u00f1o 810 y muri\u00f3 alrededor del a\u00f1o 867. Se dice que ella fue la primera abadesa (Madre Superiora de un convento de monjas), porque ella fundo su propio convento, el cu\u00e1l le sirvi\u00f3 para rechazar la propuesta de matrimonio del emperador Te\u00f3filo y ah\u00ed empez\u00f3 a escribir sus poemas y otras obras. Tiene un trabajo muy extenso que abarca: 50 himnos (aproximadamente, de los cuales 30 se siguen utilizando hoy en d\u00eda en la Iglesia<\/p>\n<\/div><\/div>\n\n\n\n<p>Naci\u00f3 alrededor del a\u00f1o 810 y muri\u00f3 alrededor del a\u00f1o 867. Se dice que ella fue la primera abadesa (Madre Superiora de un convento de monjas), porque ella fundo su propio convento, el cu\u00e1l le sirvi\u00f3 para rechazar la propuesta de matrimonio del emperador Te\u00f3filo y ah\u00ed empez\u00f3 a escribir sus poemas y otras obras. Tiene un trabajo muy extenso que abarca: 50 himnos (aproximadamente, de los cuales 30 se siguen utilizando hoy en d\u00eda en la Iglesia<\/p>\n\n\n\n<p>ortodoxa occidental) , 47 troparias (himnos de oraci\u00f3n), 2 c\u00e1nones (himno \u2013 ciclos de 8 odas), obras seculares, una colecci\u00f3n de 261 epigramas, versos gn\u00f3micos, etc.<\/p>\n\n\n\n<p>Su himno m\u00e1s famoso es el Himno del Mi\u00e9rcoles Santo <strong>(El himno de la mujer ca\u00edda) <\/strong>que se interpreta una sola vez al a\u00f1o, en los matin\u00e9s del Mi\u00e9rcoles Santo, que es uno de los d\u00edas m\u00e1s importantes de la Semana Santa. Adem\u00e1s, aqu\u00ed le da poder a la voz de las mujeres. Se dice que durante su adolescencia, fue exiliada porque se dice que proporcion\u00f3 ayuda a unos monjes para mantener el culto a las im\u00e1genes.<\/p>\n\n\n\n<p>Hoy en d\u00eda sabemos que Kassia hac\u00eda m\u00fasica gracias a que las transcripciones de ciertas de sus obras lograron conservarse. De hecho, La Biblioteca Brit\u00e1nica tiene la copia de uno de los manuscritos de sus poemas, que representa a una mujer lament\u00e1ndose por la opresi\u00f3n hacia las mujeres y por el hecho de no poder expresarse libremente. Su contribuci\u00f3n a la literatura universal y las letras griegas un vasto e invaluable tesoro de poes\u00eda sacra que expresa las riquezas espirituales, la fe y la belleza del cristianismo oriental.<\/p>\n\n\n\n<p><\/p>\n\n\n\n<p>La pieza&nbsp;es cantada por aproximadamente cuatro voces femeninas, las cuales son arm\u00f3nicas. En algunas partes de la pieza, las voces cantan en un\u00edsono, mientras que en otras una voz principal recita el texto mientras que las otras voces hacen una melod\u00eda continua de fondo. Esa nota constante se denomina bord\u00f3n, la cual consiste en una nota constante sobre la que se sustenta la melod\u00eda. Es importante destacar que este recurso musical de influencia bizantina representar\u00e1 uno de los acompa\u00f1amientos m\u00e1s antiguos de la m\u00fasica occidental. &nbsp;A lo largo de la pieza, hay ornamentaci\u00f3n principalmente en la forma de melismas, los cuales adem\u00e1s de darle a la pieza m\u00e1s movimiento y armon\u00eda, le dan tambi\u00e9n el aspecto de la m\u00fasica religiosa tan conocido, el cual cantado en una iglesia o templo resuena y suena a\u00fan m\u00e1s monumental.<\/p>\n\n\n\n<p><strong>A continuaci\u00f3, realitza el seg\u00fcent q\u00fcestionari interactiu:<\/strong><\/p>\n\n\n<div class=\"h5p-iframe-wrapper\"><iframe id=\"h5p-iframe-73\" class=\"h5p-iframe\" data-content-id=\"73\" style=\"height:1px\" src=\"about:blank\" frameBorder=\"0\" scrolling=\"no\" title=\"Flashcards dones compositores\"><\/iframe><\/div>\n\n\n<div class=\"h5p-iframe-wrapper\"><iframe id=\"h5p-iframe-33\" class=\"h5p-iframe\" data-content-id=\"33\" style=\"height:1px\" src=\"about:blank\" frameBorder=\"0\" scrolling=\"no\" title=\"Kassia de Costantinoble\"><\/iframe><\/div>\n\n\n\n<div class=\"wp-block-group\"><div class=\"wp-block-group__inner-container is-layout-flow\">\n<h2 class=\"wp-block-heading\">LA DONA A LA HIST\u00d2RIA DEL ROCK<\/h2>\n\n\n\n<p>ROSSETTA THARPE, la madrina del Rock ad Roll<\/p>\n\n\n\n<p><code><div class=\"h5p-iframe-wrapper\"><iframe id=\"h5p-iframe-78\" class=\"h5p-iframe\" data-content-id=\"78\" style=\"height:1px\" src=\"about:blank\" frameBorder=\"0\" scrolling=\"no\" title=\"La dona al Rock and Roll\"><\/iframe><\/div><\/code><\/p>\n\n\n\n<p><code><div class=\"h5p-iframe-wrapper\"><iframe id=\"h5p-iframe-110\" class=\"h5p-iframe\" data-content-id=\"110\" style=\"height:1px\" src=\"about:blank\" frameBorder=\"0\" scrolling=\"no\" title=\"Les dones compositores: Renaixement i Barroc\"><\/iframe><\/div><\/code><\/p>\n<\/div><\/div>\n\n\n\n<pre class=\"wp-block-code\"><code>\n<\/code><\/pre>\n\n\n\n<p><\/p>\n","protected":false},"excerpt":{"rendered":"<p>LA DONA A LA M\u00daSICA PERSA LA DONA COMPOSITORA A L&#8217;EDAT MITJANA 1. Kassia de CostantinoblePoetessa i compositora de l\u2019imperi Bizant\u00ed. Segle IX Naci\u00f3 alrededor del a\u00f1o 810 y muri\u00f3 alrededor del a\u00f1o 867. Se dice que ella fue la primera abadesa (Madre Superiora de un convento de monjas), porque ella fundo su propio convento, &hellip; <\/p>\n<p class=\"link-more\"><a href=\"https:\/\/docencia.abelgarciaweb.com\/?page_id=514\" class=\"more-link\">Continuar leyendo<span class=\"screen-reader-text\"> &#8220;COEDUACI\u00d3&#8221;<\/span><\/a><\/p>\n","protected":false},"author":1,"featured_media":0,"parent":0,"menu_order":0,"comment_status":"closed","ping_status":"closed","template":"","meta":[],"_links":{"self":[{"href":"https:\/\/docencia.abelgarciaweb.com\/index.php?rest_route=\/wp\/v2\/pages\/514"}],"collection":[{"href":"https:\/\/docencia.abelgarciaweb.com\/index.php?rest_route=\/wp\/v2\/pages"}],"about":[{"href":"https:\/\/docencia.abelgarciaweb.com\/index.php?rest_route=\/wp\/v2\/types\/page"}],"author":[{"embeddable":true,"href":"https:\/\/docencia.abelgarciaweb.com\/index.php?rest_route=\/wp\/v2\/users\/1"}],"replies":[{"embeddable":true,"href":"https:\/\/docencia.abelgarciaweb.com\/index.php?rest_route=%2Fwp%2Fv2%2Fcomments&post=514"}],"version-history":[{"count":14,"href":"https:\/\/docencia.abelgarciaweb.com\/index.php?rest_route=\/wp\/v2\/pages\/514\/revisions"}],"predecessor-version":[{"id":679,"href":"https:\/\/docencia.abelgarciaweb.com\/index.php?rest_route=\/wp\/v2\/pages\/514\/revisions\/679"}],"wp:attachment":[{"href":"https:\/\/docencia.abelgarciaweb.com\/index.php?rest_route=%2Fwp%2Fv2%2Fmedia&parent=514"}],"curies":[{"name":"wp","href":"https:\/\/api.w.org\/{rel}","templated":true}]}}