{"id":493,"date":"2020-10-01T18:31:45","date_gmt":"2020-10-01T16:31:45","guid":{"rendered":"https:\/\/docencia.abelgarciaweb.com\/?page_id=493"},"modified":"2024-02-11T17:50:08","modified_gmt":"2024-02-11T16:50:08","slug":"quart-eso","status":"publish","type":"page","link":"https:\/\/docencia.abelgarciaweb.com\/?page_id=493","title":{"rendered":"QUART ESO"},"content":{"rendered":"\n<p>HIST\u00d2RIA DEL JAZZ. PART 1<\/p>\n\n\n\n<p><code><div class=\"h5p-iframe-wrapper\"><iframe id=\"h5p-iframe-124\" class=\"h5p-iframe\" data-content-id=\"124\" style=\"height:1px\" src=\"about:blank\" frameBorder=\"0\" scrolling=\"no\" title=\"Hist\u00f2ria el Jazz part 1\"><\/iframe><\/div><\/code><\/p>\n\n\n\n<p>HIST\u00d2RIA DEL JAZZ. PART 2<\/p>\n\n\n\n<p><code><div class=\"h5p-iframe-wrapper\"><iframe id=\"h5p-iframe-125\" class=\"h5p-iframe\" data-content-id=\"125\" style=\"height:1px\" src=\"about:blank\" frameBorder=\"0\" scrolling=\"no\" title=\"Hist\u00f2ria el Jazz part 2\"><\/iframe><\/div><\/code><\/p>\n\n\n\n<p>HIST\u00d2RIA DEL JAZZ. PART 3<\/p>\n\n\n\n<p><code><div class=\"h5p-iframe-wrapper\"><iframe id=\"h5p-iframe-126\" class=\"h5p-iframe\" data-content-id=\"126\" style=\"height:1px\" src=\"about:blank\" frameBorder=\"0\" scrolling=\"no\" title=\"Hist\u00f2ria el Jazz part 3\"><\/iframe><\/div><\/code><\/p>\n\n\n\n<p>HIST\u00d2RIA DEL JAZZ. PART 4<\/p>\n\n\n\n<p><code><div class=\"h5p-iframe-wrapper\"><iframe id=\"h5p-iframe-127\" class=\"h5p-iframe\" data-content-id=\"127\" style=\"height:1px\" src=\"about:blank\" frameBorder=\"0\" scrolling=\"no\" title=\"Hist\u00f2ria el Soul\"><\/iframe><\/div><\/code><\/p>\n\n\n\n<p>. ELS INSTRUMENTS MUSICALS<\/p>\n\n\n\n<p><code><div class=\"h5p-iframe-wrapper\"><iframe id=\"h5p-iframe-52\" class=\"h5p-iframe\" data-content-id=\"52\" style=\"height:1px\" src=\"about:blank\" frameBorder=\"0\" scrolling=\"no\" title=\"TEMA 1. ELS INSTRUMENTS MUSICALS\"><\/iframe><\/div><\/code><\/p>\n\n\n\n<p><code><div class=\"h5p-iframe-wrapper\"><iframe id=\"h5p-iframe-54\" class=\"h5p-iframe\" data-content-id=\"54\" style=\"height:1px\" src=\"about:blank\" frameBorder=\"0\" scrolling=\"no\" title=\"Classificaci\u00f3 dels instruments musicals\"><\/iframe><\/div><\/code><\/p>\n\n\n\n<p><code><div class=\"h5p-iframe-wrapper\"><iframe id=\"h5p-iframe-55\" class=\"h5p-iframe\" data-content-id=\"55\" style=\"height:1px\" src=\"about:blank\" frameBorder=\"0\" scrolling=\"no\" title=\"Les fam\u00edlies instrumentals\"><\/iframe><\/div><\/code><\/p>\n\n\n\n<p><code><div class=\"h5p-iframe-wrapper\"><iframe id=\"h5p-iframe-56\" class=\"h5p-iframe\" data-content-id=\"56\" style=\"height:1px\" src=\"about:blank\" frameBorder=\"0\" scrolling=\"no\" title=\"Instrument musical\"><\/iframe><\/div><\/code><\/p>\n\n\n\n<p><code><div class=\"h5p-iframe-wrapper\"><iframe id=\"h5p-iframe-57\" class=\"h5p-iframe\" data-content-id=\"57\" style=\"height:1px\" src=\"about:blank\" frameBorder=\"0\" scrolling=\"no\" title=\"Instrument musical 2\"><\/iframe><\/div><\/code><\/p>\n\n\n\n<p><code><div class=\"h5p-iframe-wrapper\"><iframe id=\"h5p-iframe-58\" class=\"h5p-iframe\" data-content-id=\"58\" style=\"height:1px\" src=\"about:blank\" frameBorder=\"0\" scrolling=\"no\" title=\"Instrument musical 3\"><\/iframe><\/div><\/code><\/p>\n\n\n\n<p><code><div class=\"h5p-iframe-wrapper\"><iframe id=\"h5p-iframe-59\" class=\"h5p-iframe\" data-content-id=\"59\" style=\"height:1px\" src=\"about:blank\" frameBorder=\"0\" scrolling=\"no\" title=\"Classificaci\u00f3 dels instruments musicals\"><\/iframe><\/div><\/code><\/p>\n\n\n\n<p><code><div class=\"h5p-iframe-wrapper\"><iframe id=\"h5p-iframe-60\" class=\"h5p-iframe\" data-content-id=\"60\" style=\"height:1px\" src=\"about:blank\" frameBorder=\"0\" scrolling=\"no\" title=\"Organologia 1: les fam\u00edlies instrumentals i els seus subgrups\"><\/iframe><\/div><\/code><\/p>\n\n\n\n<p><\/p>\n","protected":false},"excerpt":{"rendered":"<p>HIST\u00d2RIA DEL JAZZ. PART 1 HIST\u00d2RIA DEL JAZZ. PART 2 HIST\u00d2RIA DEL JAZZ. PART 3 HIST\u00d2RIA DEL JAZZ. PART 4 . ELS INSTRUMENTS MUSICALS<\/p>\n","protected":false},"author":1,"featured_media":0,"parent":0,"menu_order":0,"comment_status":"closed","ping_status":"closed","template":"","meta":[],"_links":{"self":[{"href":"https:\/\/docencia.abelgarciaweb.com\/index.php?rest_route=\/wp\/v2\/pages\/493"}],"collection":[{"href":"https:\/\/docencia.abelgarciaweb.com\/index.php?rest_route=\/wp\/v2\/pages"}],"about":[{"href":"https:\/\/docencia.abelgarciaweb.com\/index.php?rest_route=\/wp\/v2\/types\/page"}],"author":[{"embeddable":true,"href":"https:\/\/docencia.abelgarciaweb.com\/index.php?rest_route=\/wp\/v2\/users\/1"}],"replies":[{"embeddable":true,"href":"https:\/\/docencia.abelgarciaweb.com\/index.php?rest_route=%2Fwp%2Fv2%2Fcomments&post=493"}],"version-history":[{"count":15,"href":"https:\/\/docencia.abelgarciaweb.com\/index.php?rest_route=\/wp\/v2\/pages\/493\/revisions"}],"predecessor-version":[{"id":704,"href":"https:\/\/docencia.abelgarciaweb.com\/index.php?rest_route=\/wp\/v2\/pages\/493\/revisions\/704"}],"wp:attachment":[{"href":"https:\/\/docencia.abelgarciaweb.com\/index.php?rest_route=%2Fwp%2Fv2%2Fmedia&parent=493"}],"curies":[{"name":"wp","href":"https:\/\/api.w.org\/{rel}","templated":true}]}}