{"id":383,"date":"2020-07-14T19:32:45","date_gmt":"2020-07-14T17:32:45","guid":{"rendered":"https:\/\/docencia.abelgarciaweb.com\/?page_id=383"},"modified":"2020-07-14T22:12:43","modified_gmt":"2020-07-14T20:12:43","slug":"biografia","status":"publish","type":"page","link":"https:\/\/docencia.abelgarciaweb.com\/?page_id=383","title":{"rendered":"Biografia"},"content":{"rendered":"\n<div class=\"wp-block-image\"><figure class=\"alignright is-resized\"><img decoding=\"async\" loading=\"lazy\" src=\"https:\/\/docencia.abelgarciaweb.com\/wp-content\/uploads\/2020\/07\/13173076_1006950309353485_852291937145178295_o-768x1024.jpg\" alt=\"\" class=\"wp-image-388\" width=\"415\" height=\"552\" srcset=\"https:\/\/docencia.abelgarciaweb.com\/wp-content\/uploads\/2020\/07\/13173076_1006950309353485_852291937145178295_o-768x1024.jpg 768w, https:\/\/docencia.abelgarciaweb.com\/wp-content\/uploads\/2020\/07\/13173076_1006950309353485_852291937145178295_o-225x300.jpg 225w, https:\/\/docencia.abelgarciaweb.com\/wp-content\/uploads\/2020\/07\/13173076_1006950309353485_852291937145178295_o-38x50.jpg 38w, https:\/\/docencia.abelgarciaweb.com\/wp-content\/uploads\/2020\/07\/13173076_1006950309353485_852291937145178295_o-75x100.jpg 75w, https:\/\/docencia.abelgarciaweb.com\/wp-content\/uploads\/2020\/07\/13173076_1006950309353485_852291937145178295_o.jpg 1536w\" sizes=\"(max-width: 415px) 100vw, 415px\" \/><\/figure><\/div>\n\n\n\n<p>Llicenciat en Hist\u00f2ria i Ci\u00e8ncies de la M\u00fasica i Graduat en Hist\u00f2ria de l&#8217;art, va estudiar Grau Profesional de Guitarra Cl\u00e1ssica amb Jorge Orozco al Conservatori Profesional de Torrent. A partir d&#8217;aquest moment Abel Garcia inicia la seua traject\u00f2ria interpretativa especialitzant-se en instruments de corda de la Tradici\u00f3 Europea i Mediterr\u00e0nia.<\/p>\n\n\n\n<p><\/p>\n\n\n\n<p><\/p>\n\n\n\n<p><\/p>\n\n\n\n<p>Pricipalment va focalitzar els seus estudis musicals en la viola de roda, instrument amb el que estudia a la Asociaci\u00f3n Ib\u00e9rica de la Zanfona des de l&#8217;any 2001 amb el m\u00e9s prestigiosos professors:  Valentin Clastrier, Gilles Chabenant, Isabel Pignol, Anne-Lise Foy, Patrick Boufard, Mathias Loibner y Germ\u00e1n D\u00edaz. Tanmateix, rep classes i formaci\u00f3 amb Marc Egea i Efr\u00e9n Lopez. A m\u00e9s d&#8217;aprofundir al repertori hist\u00f2ric i tradicional d&#8217;aquest instrument, es va centrar al seu particular cam\u00ed d&#8217;investigaci\u00f3 ampliant els horitzons musicals de la viola de roda, siguent precursor en la introducci\u00f3 d&#8217;aquest instrument al g\u00e9nere flamenc, integrant l&#8217;instrument a la Compa\u00f1\u00eda Flamenca Manuel Serena.<\/p>\n\n\n\n<p><\/p>\n\n\n\n<p><\/p>\n\n\n\n<figure class=\"wp-block-embed-youtube wp-block-embed is-type-video is-provider-youtube wp-embed-aspect-16-9 wp-has-aspect-ratio\"><div class=\"wp-block-embed__wrapper\">\n<iframe loading=\"lazy\" title=\"Flamenco &amp; Ci\u0301a.  Manuel Serena. Un paseo por los sentidos.\" width=\"525\" height=\"295\" src=\"https:\/\/www.youtube.com\/embed\/2a6h6T5BFQI?feature=oembed\" frameborder=\"0\" allow=\"accelerometer; autoplay; encrypted-media; gyroscope; picture-in-picture\" allowfullscreen><\/iframe>\n<\/div><figcaption>La viola de roda al flamenc a la Company\u00eda Flamenca Manuel Serena 2011<br><br><\/figcaption><\/figure>\n\n\n\n<p>La seua formaci\u00f3 als instruments de corda polsada de la Mediterr\u00e0nia s&#8217;inicia a la ciutat d&#8217;Estambul, on rep classes de baglama de la m\u00e0 del mestre Suf\u00ed Devrim Aydin i Orcan Ockal.  Posteriorment rep classes de m\u00fasica Cl\u00e0ssica Otomana amb Christos Barbas, juntament amb classes de m\u00fasica turca amb Efr\u00e9n L\u00f3pez i m\u00fasica tradicional de l&#8217;illa de Creta amb Stelios Petrakis. A partir d&#8217;aquest moment Abel viatja a Creta per a estudiar Laouto de Creta amb Giorgis Xilouris i Manolis Manousakis, artista grec amb el que gravar\u00e0 un disc en 2017 i realizar\u00e0 gires per Creta i Atenes en 2017 i 2018.<\/p>\n\n\n\n<p><\/p>\n\n\n\n<figure class=\"wp-block-embed-youtube wp-block-embed is-type-video is-provider-youtube wp-embed-aspect-16-9 wp-has-aspect-ratio\"><div class=\"wp-block-embed__wrapper\">\n<iframe loading=\"lazy\" title=\"\u039c\u03b1\u03bd\u03c4\u03b7\u03bb\u03ac\u03c4\u03bf\u03c2 \u03a7\u03ac\u03c1\u03b7\u03c2 \u03a0\u03b1\u03bd\u03b1\u03b3\u03b9\u03c9\u03c4\u03ac\u03ba\u03b7\u03c2 - Mantilatos Harris Panagiotakis\" width=\"525\" height=\"295\" src=\"https:\/\/www.youtube.com\/embed\/sL1ZYdFP_pU?feature=oembed\" frameborder=\"0\" allow=\"accelerometer; autoplay; encrypted-media; gyroscope; picture-in-picture\" allowfullscreen><\/iframe>\n<\/div><figcaption>Mandilatos, enregistrat l&#8217;any 2018 a Heraclio, Creta.<br><\/figcaption><\/figure>\n\n\n\n<p>En el camp de la producci\u00f3 art\u00edstica, Abel Garcia realitz\u00e0 produccions musicals per a teatre i formacions musicals, com \u00e9s el cas del premiat disc <em>Mare Vostrum<\/em> de la prestigiosa artista Mara Aranda, publicaci\u00f3 discogr\u00e0fica que va rebre el Premi Ovidi Montllor al millor disc de Folk de l&#8217;any 2015, arribant a ser un dels 5 primers discos a nivell mundial segons la World Music Chart Europe.<\/p>\n\n\n\n<p><\/p>\n\n\n\n<figure class=\"wp-block-embed-youtube wp-block-embed is-type-video is-provider-youtube wp-embed-aspect-16-9 wp-has-aspect-ratio\"><div class=\"wp-block-embed__wrapper\">\n<iframe loading=\"lazy\" title=\"Cant de sirena\" width=\"525\" height=\"295\" src=\"https:\/\/www.youtube.com\/embed\/60IHaVFQdcA?feature=oembed\" frameborder=\"0\" allow=\"accelerometer; autoplay; encrypted-media; gyroscope; picture-in-picture\" allowfullscreen><\/iframe>\n<\/div><figcaption>Cant de Sirena. Composici\u00f3 i arranjaments: Abel Garcia. Mare Vostrum, Mara Aranda, 2017<\/figcaption><\/figure>\n\n\n\n<p>Ha participat en diversos projectes i artistes com Mara Aranda, Krama,  Capella de Ministrers, Ars horo, Miquel Gil, Josep Gimeno &#8220;El Botifarra&#8221;, Feliu i Obrint Pas. Amb aquestes formacions ha enregistrat m\u00e9s de 20 discos i ha  realitzat gires per Europa, Egipte, Argelia, Marroc Estats Units i M\u00e9xic.<\/p>\n\n\n\n<figure class=\"wp-block-image\"><img decoding=\"async\" loading=\"lazy\" width=\"1024\" height=\"575\" src=\"https:\/\/docencia.abelgarciaweb.com\/wp-content\/uploads\/2020\/07\/IMG_0316-1024x575.jpg\" alt=\"\" class=\"wp-image-398\" srcset=\"https:\/\/docencia.abelgarciaweb.com\/wp-content\/uploads\/2020\/07\/IMG_0316-1024x575.jpg 1024w, https:\/\/docencia.abelgarciaweb.com\/wp-content\/uploads\/2020\/07\/IMG_0316-300x169.jpg 300w, https:\/\/docencia.abelgarciaweb.com\/wp-content\/uploads\/2020\/07\/IMG_0316-768x431.jpg 768w, https:\/\/docencia.abelgarciaweb.com\/wp-content\/uploads\/2020\/07\/IMG_0316-50x28.jpg 50w, https:\/\/docencia.abelgarciaweb.com\/wp-content\/uploads\/2020\/07\/IMG_0316-100x56.jpg 100w\" sizes=\"(max-width: 767px) 89vw, (max-width: 1000px) 54vw, (max-width: 1071px) 543px, 580px\" \/><figcaption>Enregistrant el disc &#8220;Xilino&#8221; amb Manolis Manousakis. Creta. Gr\u00e8cia, 2017<\/figcaption><\/figure>\n\n\n\n<p>Com a docent a donat classes de Grau Professional i Elemental en l&#8217;especialitat de guitarra cl\u00e0ssica al TMJ de Val\u00e8ncia, a m\u00e9s a diverses escoles a la ciutat de Val\u00e8ncia. <\/p>\n\n\n\n<p>En el terreny dels instruments de tradici\u00f3 medieval, Abel Garcia va crear la seua pr\u00f2pia l\u00ednia pedag\u00f2gica de viola de roda en 2010, oferint classes i tallers, a m\u00e9s d&#8217;oferir Masterclass de M\u00fasica Mediterr\u00e0nia i Balc\u00e0nia a estudiants i instrumentistes professionals.<\/p>\n\n\n\n<pre class=\"wp-block-code\"><code><div class=\"h5p-iframe-wrapper\"><iframe id=\"h5p-iframe-48\" class=\"h5p-iframe\" data-content-id=\"48\" style=\"height:1px\" src=\"about:blank\" frameBorder=\"0\" scrolling=\"no\" title=\"Abel Garcia\"><\/iframe><\/div><\/code><\/pre>\n\n\n\n<figure class=\"wp-block-embed-youtube wp-block-embed is-type-video is-provider-youtube wp-embed-aspect-16-9 wp-has-aspect-ratio\"><div class=\"wp-block-embed__wrapper\">\n<iframe loading=\"lazy\" title=\"Masterclass M\u00fasica del Mediterr\u00e1neo Oriental.\" width=\"525\" height=\"295\" src=\"https:\/\/www.youtube.com\/embed\/rqOyX6ygufs?feature=oembed\" frameborder=\"0\" allow=\"accelerometer; autoplay; encrypted-media; gyroscope; picture-in-picture\" allowfullscreen><\/iframe>\n<\/div><figcaption>Masterclass de M\u00fasiques del Mediterr\u00e0ni Oriental. Jerez de la Frontera, 2018<\/figcaption><\/figure>\n\n\n\n<p><\/p>\n","protected":false},"excerpt":{"rendered":"<p>Llicenciat en Hist\u00f2ria i Ci\u00e8ncies de la M\u00fasica i Graduat en Hist\u00f2ria de l&#8217;art, va estudiar Grau Profesional de Guitarra Cl\u00e1ssica amb Jorge Orozco al Conservatori Profesional de Torrent. A partir d&#8217;aquest moment Abel Garcia inicia la seua traject\u00f2ria interpretativa especialitzant-se en instruments de corda de la Tradici\u00f3 Europea i Mediterr\u00e0nia. Pricipalment va focalitzar els &hellip; <\/p>\n<p class=\"link-more\"><a href=\"https:\/\/docencia.abelgarciaweb.com\/?page_id=383\" class=\"more-link\">Continuar leyendo<span class=\"screen-reader-text\"> &#8220;Biografia&#8221;<\/span><\/a><\/p>\n","protected":false},"author":1,"featured_media":429,"parent":0,"menu_order":0,"comment_status":"closed","ping_status":"closed","template":"","meta":[],"_links":{"self":[{"href":"https:\/\/docencia.abelgarciaweb.com\/index.php?rest_route=\/wp\/v2\/pages\/383"}],"collection":[{"href":"https:\/\/docencia.abelgarciaweb.com\/index.php?rest_route=\/wp\/v2\/pages"}],"about":[{"href":"https:\/\/docencia.abelgarciaweb.com\/index.php?rest_route=\/wp\/v2\/types\/page"}],"author":[{"embeddable":true,"href":"https:\/\/docencia.abelgarciaweb.com\/index.php?rest_route=\/wp\/v2\/users\/1"}],"replies":[{"embeddable":true,"href":"https:\/\/docencia.abelgarciaweb.com\/index.php?rest_route=%2Fwp%2Fv2%2Fcomments&post=383"}],"version-history":[{"count":20,"href":"https:\/\/docencia.abelgarciaweb.com\/index.php?rest_route=\/wp\/v2\/pages\/383\/revisions"}],"predecessor-version":[{"id":428,"href":"https:\/\/docencia.abelgarciaweb.com\/index.php?rest_route=\/wp\/v2\/pages\/383\/revisions\/428"}],"wp:featuredmedia":[{"embeddable":true,"href":"https:\/\/docencia.abelgarciaweb.com\/index.php?rest_route=\/wp\/v2\/media\/429"}],"wp:attachment":[{"href":"https:\/\/docencia.abelgarciaweb.com\/index.php?rest_route=%2Fwp%2Fv2%2Fmedia&parent=383"}],"curies":[{"name":"wp","href":"https:\/\/api.w.org\/{rel}","templated":true}]}}