{"id":375,"date":"2020-07-14T18:55:24","date_gmt":"2020-07-14T16:55:24","guid":{"rendered":"https:\/\/docencia.abelgarciaweb.com\/?page_id=375"},"modified":"2020-07-14T18:56:25","modified_gmt":"2020-07-14T16:56:25","slug":"activitat-dorganologia-1","status":"publish","type":"page","link":"https:\/\/docencia.abelgarciaweb.com\/?page_id=375","title":{"rendered":"Activitat  d&#8217;Organologia 1"},"content":{"rendered":"\n<p>  Arrosega els instruments al pa\u00eds d&#8217;origen de cada instrument. Fixa&#8217;t en  els pa\u00efsos que entren en joc, est\u00e0n senyalats amb un s\u00edmbol i el seu  nom. <\/p>\n\n\n\n<pre class=\"wp-block-code\"><code><div class=\"h5p-iframe-wrapper\"><iframe id=\"h5p-iframe-38\" class=\"h5p-iframe\" data-content-id=\"38\" style=\"height:1px\" src=\"about:blank\" frameBorder=\"0\" scrolling=\"no\" title=\"Instruments Pa\u00efsos Mediterrani-Cord\u00f2fons-Drag and Drop\"><\/iframe><\/div>\n<\/code><\/pre>\n\n\n\n<h2 class=\"wp-block-heading\">Activitat  d&#8217;Organologia 2<\/h2>\n\n\n\n<p> A la seg\u00fcent activitat has de emparellar els diferents instruments.  Primerament, visualitza la galeria de cartes relacionant el so amb el  dibuix  i el nom que correspon a cada instrument. <\/p>\n\n\n<div class=\"h5p-iframe-wrapper\"><iframe id=\"h5p-iframe-42\" class=\"h5p-iframe\" data-content-id=\"42\" style=\"height:1px\" src=\"about:blank\" frameBorder=\"0\" scrolling=\"no\" title=\"Instruments de la Mediterr\u00e0nia -Dialog Cards\"><\/iframe><\/div>\n\n\n\n<p> M\u00e9s tard, podr\u00e0s jugar a l&#8217;<em>Organogame<\/em>, emparella els   instruments i fixa&#8217;t en el nom de cada instrument, per\u00f2 recorda, el   temps conta, intenta batre cada volta el temps per a fer-ho m\u00e9s r\u00e0pid. <\/p>\n\n\n\n<h2 class=\"wp-block-heading\">Organogame: emparella cada instrument el m\u00e9s r\u00e0pid possible<\/h2>\n\n\n<div class=\"h5p-content\" data-content-id=\"43\"><\/div>\n","protected":false},"excerpt":{"rendered":"<p>Arrosega els instruments al pa\u00eds d&#8217;origen de cada instrument. Fixa&#8217;t en els pa\u00efsos que entren en joc, est\u00e0n senyalats amb un s\u00edmbol i el seu nom. Activitat d&#8217;Organologia 2 A la seg\u00fcent activitat has de emparellar els diferents instruments. Primerament, visualitza la galeria de cartes relacionant el so amb el dibuix i el nom que &hellip; <\/p>\n<p class=\"link-more\"><a href=\"https:\/\/docencia.abelgarciaweb.com\/?page_id=375\" class=\"more-link\">Continuar leyendo<span class=\"screen-reader-text\"> &#8220;Activitat  d&#8217;Organologia 1&#8221;<\/span><\/a><\/p>\n","protected":false},"author":1,"featured_media":41,"parent":231,"menu_order":0,"comment_status":"closed","ping_status":"closed","template":"","meta":[],"_links":{"self":[{"href":"https:\/\/docencia.abelgarciaweb.com\/index.php?rest_route=\/wp\/v2\/pages\/375"}],"collection":[{"href":"https:\/\/docencia.abelgarciaweb.com\/index.php?rest_route=\/wp\/v2\/pages"}],"about":[{"href":"https:\/\/docencia.abelgarciaweb.com\/index.php?rest_route=\/wp\/v2\/types\/page"}],"author":[{"embeddable":true,"href":"https:\/\/docencia.abelgarciaweb.com\/index.php?rest_route=\/wp\/v2\/users\/1"}],"replies":[{"embeddable":true,"href":"https:\/\/docencia.abelgarciaweb.com\/index.php?rest_route=%2Fwp%2Fv2%2Fcomments&post=375"}],"version-history":[{"count":2,"href":"https:\/\/docencia.abelgarciaweb.com\/index.php?rest_route=\/wp\/v2\/pages\/375\/revisions"}],"predecessor-version":[{"id":377,"href":"https:\/\/docencia.abelgarciaweb.com\/index.php?rest_route=\/wp\/v2\/pages\/375\/revisions\/377"}],"up":[{"embeddable":true,"href":"https:\/\/docencia.abelgarciaweb.com\/index.php?rest_route=\/wp\/v2\/pages\/231"}],"wp:featuredmedia":[{"embeddable":true,"href":"https:\/\/docencia.abelgarciaweb.com\/index.php?rest_route=\/wp\/v2\/media\/41"}],"wp:attachment":[{"href":"https:\/\/docencia.abelgarciaweb.com\/index.php?rest_route=%2Fwp%2Fv2%2Fmedia&parent=375"}],"curies":[{"name":"wp","href":"https:\/\/api.w.org\/{rel}","templated":true}]}}