{"id":19,"date":"2019-04-21T20:43:05","date_gmt":"2019-04-21T18:43:05","guid":{"rendered":"http:\/\/localhost:8888\/wordpress\/?page_id=19"},"modified":"2022-01-30T19:21:07","modified_gmt":"2022-01-30T18:21:07","slug":"contacto","status":"publish","type":"page","link":"https:\/\/docencia.abelgarciaweb.com\/?page_id=19","title":{"rendered":"M\u00fasica per a la pantalla"},"content":{"rendered":"<p>A continuaci\u00f3 es presenten recursos interactius H5P per a integrar continguts sobre m\u00fasiques per a cinema, televisi\u00f3 o youtube<\/p>\n\n<div class=\"h5p-iframe-wrapper\"><iframe id=\"h5p-iframe-67\" class=\"h5p-iframe\" data-content-id=\"67\" style=\"height:1px\" src=\"about:blank\" frameBorder=\"0\" scrolling=\"no\" title=\"Les bandes Sonores: Jaime Altozano ens explica la banda sonora de Harry Potter\"><\/iframe><\/div>\n\n\n\n<h2 class=\"wp-block-heading\">El Leitmotif: Jaime Altozano<\/h2>\n\n\n\n<p><code><div class=\"h5p-iframe-wrapper\"><iframe id=\"h5p-iframe-79\" class=\"h5p-iframe\" data-content-id=\"79\" style=\"height:1px\" src=\"about:blank\" frameBorder=\"0\" scrolling=\"no\" title=\"El Leitmotif\"><\/iframe><\/div><\/code><\/p>\n\n\n\n<p><\/p>\n\n\n\n<h2 class=\"wp-block-heading\">ACTIVITATS INTERACTIVES<\/h2>\n\n\n\n<p><\/p>\n\n\n\n<p><code><div class=\"h5p-iframe-wrapper\"><iframe id=\"h5p-iframe-81\" class=\"h5p-iframe\" data-content-id=\"81\" style=\"height:1px\" src=\"about:blank\" frameBorder=\"0\" scrolling=\"no\" title=\"Els efectes de so\"><\/iframe><\/div><\/code><\/p>\n\n\n\n<p><code><div class=\"h5p-iframe-wrapper\"><iframe id=\"h5p-iframe-82\" class=\"h5p-iframe\" data-content-id=\"82\" style=\"height:1px\" src=\"about:blank\" frameBorder=\"0\" scrolling=\"no\" title=\"Les funcions del compositor\"><\/iframe><\/div><\/code><\/p>\n\n\n\n<p><code><div class=\"h5p-iframe-wrapper\"><iframe id=\"h5p-iframe-86\" class=\"h5p-iframe\" data-content-id=\"86\" style=\"height:1px\" src=\"about:blank\" frameBorder=\"0\" scrolling=\"no\" title=\"M\u00fasica Dieg\u00e8tica\"><\/iframe><\/div><\/code><\/p>\n\n\n\n<p><code><div class=\"h5p-iframe-wrapper\"><iframe id=\"h5p-iframe-87\" class=\"h5p-iframe\" data-content-id=\"87\" style=\"height:1px\" src=\"about:blank\" frameBorder=\"0\" scrolling=\"no\" title=\"M\u00fasica Extradieg\u00e8tica\"><\/iframe><\/div><\/code><\/p>\n\n\n\n<p><code><div class=\"h5p-iframe-wrapper\"><iframe id=\"h5p-iframe-85\" class=\"h5p-iframe\" data-content-id=\"85\" style=\"height:1px\" src=\"about:blank\" frameBorder=\"0\" scrolling=\"no\" title=\"M\u00fasica Dieg\u00e8tica i Extradieg\u00e8tica\"><\/iframe><\/div><\/code><\/p>\n\n\n\n<p><code><div class=\"h5p-iframe-wrapper\"><iframe id=\"h5p-iframe-83\" class=\"h5p-iframe\" data-content-id=\"83\" style=\"height:1px\" src=\"about:blank\" frameBorder=\"0\" scrolling=\"no\" title=\"El Leitmotiv\"><\/iframe><\/div><\/code><\/p>\n\n\n\n<p><code><div class=\"h5p-iframe-wrapper\"><iframe id=\"h5p-iframe-88\" class=\"h5p-iframe\" data-content-id=\"88\" style=\"height:1px\" src=\"about:blank\" frameBorder=\"0\" scrolling=\"no\" title=\"Les funcions de la m\u00fasica al cinema\"><\/iframe><\/div><\/code><\/p>\n\n\n\n<p><code><div class=\"h5p-iframe-wrapper\"><iframe id=\"h5p-iframe-89\" class=\"h5p-iframe\" data-content-id=\"89\" style=\"height:1px\" src=\"about:blank\" frameBorder=\"0\" scrolling=\"no\" title=\"Els inicis de les Bandes Sonores\"><\/iframe><\/div><\/code><\/p>\n\n\n\n<p><code><div class=\"h5p-iframe-wrapper\"><iframe id=\"h5p-iframe-106\" class=\"h5p-iframe\" data-content-id=\"106\" style=\"height:1px\" src=\"about:blank\" frameBorder=\"0\" scrolling=\"no\" title=\"Les bandes sonores dona\"><\/iframe><\/div><\/code><\/p>\n","protected":false},"excerpt":{"rendered":"<p>A continuaci\u00f3 es presenten recursos interactius H5P per a integrar continguts sobre m\u00fasiques per a cinema, televisi\u00f3 o youtube El Leitmotif: Jaime Altozano ACTIVITATS INTERACTIVES<\/p>\n","protected":false},"author":1,"featured_media":51,"parent":0,"menu_order":0,"comment_status":"closed","ping_status":"closed","template":"","meta":[],"_links":{"self":[{"href":"https:\/\/docencia.abelgarciaweb.com\/index.php?rest_route=\/wp\/v2\/pages\/19"}],"collection":[{"href":"https:\/\/docencia.abelgarciaweb.com\/index.php?rest_route=\/wp\/v2\/pages"}],"about":[{"href":"https:\/\/docencia.abelgarciaweb.com\/index.php?rest_route=\/wp\/v2\/types\/page"}],"author":[{"embeddable":true,"href":"https:\/\/docencia.abelgarciaweb.com\/index.php?rest_route=\/wp\/v2\/users\/1"}],"replies":[{"embeddable":true,"href":"https:\/\/docencia.abelgarciaweb.com\/index.php?rest_route=%2Fwp%2Fv2%2Fcomments&post=19"}],"version-history":[{"count":16,"href":"https:\/\/docencia.abelgarciaweb.com\/index.php?rest_route=\/wp\/v2\/pages\/19\/revisions"}],"predecessor-version":[{"id":661,"href":"https:\/\/docencia.abelgarciaweb.com\/index.php?rest_route=\/wp\/v2\/pages\/19\/revisions\/661"}],"wp:featuredmedia":[{"embeddable":true,"href":"https:\/\/docencia.abelgarciaweb.com\/index.php?rest_route=\/wp\/v2\/media\/51"}],"wp:attachment":[{"href":"https:\/\/docencia.abelgarciaweb.com\/index.php?rest_route=%2Fwp%2Fv2%2Fmedia&parent=19"}],"curies":[{"name":"wp","href":"https:\/\/api.w.org\/{rel}","templated":true}]}}