{"id":165,"date":"2019-10-13T20:10:32","date_gmt":"2019-10-13T18:10:32","guid":{"rendered":"http:\/\/localhost:8888\/wordpress\/?page_id=165"},"modified":"2023-09-28T21:19:56","modified_gmt":"2023-09-28T19:19:56","slug":"segon-eso","status":"publish","type":"page","link":"https:\/\/docencia.abelgarciaweb.com\/?page_id=165","title":{"rendered":"SEGON ESO"},"content":{"rendered":"\n<h1 class=\"wp-block-heading has-text-align-center\"><strong>LA PREHIST\u00d2RIA<\/strong><\/h1>\n\n\n\n<p><\/p>\n\n\n\n<p><code><div class=\"h5p-iframe-wrapper\"><iframe id=\"h5p-iframe-119\" class=\"h5p-iframe\" data-content-id=\"119\" style=\"height:1px\" src=\"about:blank\" frameBorder=\"0\" scrolling=\"no\" title=\"La Prehist\u00f2ria\"><\/iframe><\/div><\/code><\/p>\n\n\n\n<p><code><div class=\"h5p-iframe-wrapper\"><iframe id=\"h5p-iframe-120\" class=\"h5p-iframe\" data-content-id=\"120\" style=\"height:1px\" src=\"about:blank\" frameBorder=\"0\" scrolling=\"no\" title=\"Abraham Cupeiro. Els instruments a la Prehist\u00f2ria i la Hist\u00f2ria Antiga\"><\/iframe><\/div><\/code><\/p>\n\n\n\n<p><code><div class=\"h5p-iframe-wrapper\"><iframe id=\"h5p-iframe-121\" class=\"h5p-iframe\" data-content-id=\"121\" style=\"height:1px\" src=\"about:blank\" frameBorder=\"0\" scrolling=\"no\" title=\"Abraham Cupeiro. Els instruments a la Prehist\u00f2ria i la Hist\u00f2ria Antiga\"><\/iframe><\/div><\/code><\/p>\n\n\n\n<p><code><div class=\"h5p-iframe-wrapper\"><iframe id=\"h5p-iframe-122\" class=\"h5p-iframe\" data-content-id=\"122\" style=\"height:1px\" src=\"about:blank\" frameBorder=\"0\" scrolling=\"no\" title=\"Abraham Cupeiro. Els instruments a la Prehist\u00f2ria i la Hist\u00f2ria Antiga. El Aulos\"><\/iframe><\/div><\/code><\/p>\n\n\n\n<h1 class=\"wp-block-heading has-text-align-center\"><strong>L&#8217;EDAT MITJANA<\/strong><\/h1>\n\n\n\n<p><code><div class=\"h5p-iframe-wrapper\"><iframe id=\"h5p-iframe-123\" class=\"h5p-iframe\" data-content-id=\"123\" style=\"height:1px\" src=\"about:blank\" frameBorder=\"0\" scrolling=\"no\" title=\"L&#039;Edat Mitjana. Cont\u00e8xt hist\u00f2ric\"><\/iframe><\/div><\/code><\/p>\n\n\n\n<hr class=\"wp-block-separator has-css-opacity\"\/>\n\n\n\n<h1 class=\"wp-block-heading has-text-align-center\"><strong>EL RENAIXEMENT<\/strong><\/h1>\n\n\n\n<hr class=\"wp-block-separator has-css-opacity\"\/>\n\n\n\n<p>CONTEXT HIST\u00d2RIC<\/p>\n\n\n\n<p><\/p>\n\n\n\n<p><code><div class=\"h5p-iframe-wrapper\"><iframe id=\"h5p-iframe-90\" class=\"h5p-iframe\" data-content-id=\"90\" style=\"height:1px\" src=\"about:blank\" frameBorder=\"0\" scrolling=\"no\" title=\"EL RENAIXEMENT\"><\/iframe><\/div><\/code><\/p>\n\n\n\n<p>Organologia del Renaixement<\/p>\n\n\n<div class=\"h5p-iframe-wrapper\"><iframe id=\"h5p-iframe-24\" class=\"h5p-iframe\" data-content-id=\"24\" style=\"height:1px\" src=\"about:blank\" frameBorder=\"0\" scrolling=\"no\" title=\"ORGANET\"><\/iframe><\/div>\n\n\n<div class=\"h5p-iframe-wrapper\"><iframe id=\"h5p-iframe-26\" class=\"h5p-iframe\" data-content-id=\"26\" style=\"height:1px\" src=\"about:blank\" frameBorder=\"0\" scrolling=\"no\" title=\"SALTIRI\"><\/iframe><\/div>\n\n\n<div class=\"h5p-iframe-wrapper\"><iframe id=\"h5p-iframe-93\" class=\"h5p-iframe\" data-content-id=\"93\" style=\"height:1px\" src=\"about:blank\" frameBorder=\"0\" scrolling=\"no\" title=\"Els instruments del Renaixement. Els \u00e0ngels m\u00fasics 2\"><\/iframe><\/div>\n\n\n\n<p><code><div class=\"h5p-iframe-wrapper\"><iframe id=\"h5p-iframe-100\" class=\"h5p-iframe\" data-content-id=\"100\" style=\"height:1px\" src=\"about:blank\" frameBorder=\"0\" scrolling=\"no\" title=\"Unitat 1: El Renaixement 1\"><\/iframe><\/div><\/code><\/p>\n\n\n\n<p><code><div class=\"h5p-iframe-wrapper\"><iframe id=\"h5p-iframe-101\" class=\"h5p-iframe\" data-content-id=\"101\" style=\"height:1px\" src=\"about:blank\" frameBorder=\"0\" scrolling=\"no\" title=\"Unitat 1: El Renaixement 2\"><\/iframe><\/div><\/code><\/p>\n\n\n\n<p>ORGANOLOGIA DEL RENAIXEMENT<\/p>\n\n\n\n<p><\/p>\n\n\n\n<p>Font: https:\/\/www.youtube.com\/watch?v=X03hgNSLzeo<\/p>\n\n\n\n<p>ELS MINISTRILS: Grupo Le Danserye<\/p>\n\n\n\n<p class=\"has-text-align-center\"><code><div class=\"h5p-iframe-wrapper\"><iframe id=\"h5p-iframe-102\" class=\"h5p-iframe\" data-content-id=\"102\" style=\"height:1px\" src=\"about:blank\" frameBorder=\"0\" scrolling=\"no\" title=\"M\u00fasica dels Ministrils\"><\/iframe><\/div><\/code><\/p>\n\n\n\n<p class=\"has-text-align-center\"><\/p>\n\n\n\n<hr class=\"wp-block-separator has-css-opacity\"\/>\n\n\n\n<h1 class=\"wp-block-heading has-text-align-center\"><strong>EL BARROC<\/strong><\/h1>\n\n\n\n<hr class=\"wp-block-separator has-css-opacity\"\/>\n\n\n\n<h2 class=\"wp-block-heading has-text-align-center\">CONTEXT HIST\u00d2RIC<\/h2>\n\n\n\n<p class=\"has-text-align-center\"><code><div class=\"h5p-iframe-wrapper\"><iframe id=\"h5p-iframe-103\" class=\"h5p-iframe\" data-content-id=\"103\" style=\"height:1px\" src=\"about:blank\" frameBorder=\"0\" scrolling=\"no\" title=\"2. Context hist\u00f2ric, El Barroc\"><\/iframe><\/div><\/code><\/p>\n\n\n\n<p>1.M\u00daSICA VOCAL BARROCA<\/p>\n\n\n\n<p><code><div class=\"h5p-iframe-wrapper\"><iframe id=\"h5p-iframe-104\" class=\"h5p-iframe\" data-content-id=\"104\" style=\"height:1px\" src=\"about:blank\" frameBorder=\"0\" scrolling=\"no\" title=\"UNITAT 2: EL BARROC\"><\/iframe><\/div><\/code><\/p>\n\n\n\n<p><code><code><div class=\"h5p-iframe-wrapper\"><iframe id=\"h5p-iframe-108\" class=\"h5p-iframe\" data-content-id=\"108\" style=\"height:1px\" src=\"about:blank\" frameBorder=\"0\" scrolling=\"no\" title=\"Q\u00fcestionari M\u00fasica Vocal del Barroc\"><\/iframe><\/div><\/code><\/code><\/p>\n\n\n\n<p><code><code><div class=\"h5p-iframe-wrapper\"><iframe id=\"h5p-iframe-105\" class=\"h5p-iframe\" data-content-id=\"105\" style=\"height:1px\" src=\"about:blank\" frameBorder=\"0\" scrolling=\"no\" title=\"La m\u00fasica Instrumental del Barroc\"><\/iframe><\/div><\/code><\/code><\/p>\n\n\n\n<p><code><code><code><div class=\"h5p-iframe-wrapper\"><iframe id=\"h5p-iframe-107\" class=\"h5p-iframe\" data-content-id=\"107\" style=\"height:1px\" src=\"about:blank\" frameBorder=\"0\" scrolling=\"no\" title=\"Q\u00fcestionari M\u00fasica del Barroc\"><\/iframe><\/div><\/code><\/code><\/code><\/p>\n\n\n\n<h1 class=\"wp-block-heading has-text-align-center\"><strong>EL CLASSICISME<\/strong><\/h1>\n\n\n\n<hr class=\"wp-block-separator has-css-opacity\"\/>\n\n\n\n<h2 class=\"wp-block-heading has-text-align-center\">CONTEXT HIST\u00d2RIC<\/h2>\n\n\n\n<p><code><div class=\"h5p-iframe-wrapper\"><iframe id=\"h5p-iframe-115\" class=\"h5p-iframe\" data-content-id=\"115\" style=\"height:1px\" src=\"about:blank\" frameBorder=\"0\" scrolling=\"no\" title=\"Context. Classicisme 3.0\"><\/iframe><\/div><\/code><\/p>\n","protected":false},"excerpt":{"rendered":"<p>LA PREHIST\u00d2RIA L&#8217;EDAT MITJANA EL RENAIXEMENT CONTEXT HIST\u00d2RIC Organologia del Renaixement ORGANOLOGIA DEL RENAIXEMENT Font: https:\/\/www.youtube.com\/watch?v=X03hgNSLzeo ELS MINISTRILS: Grupo Le Danserye EL BARROC CONTEXT HIST\u00d2RIC 1.M\u00daSICA VOCAL BARROCA EL CLASSICISME CONTEXT HIST\u00d2RIC<\/p>\n","protected":false},"author":1,"featured_media":0,"parent":0,"menu_order":0,"comment_status":"closed","ping_status":"closed","template":"","meta":[],"_links":{"self":[{"href":"https:\/\/docencia.abelgarciaweb.com\/index.php?rest_route=\/wp\/v2\/pages\/165"}],"collection":[{"href":"https:\/\/docencia.abelgarciaweb.com\/index.php?rest_route=\/wp\/v2\/pages"}],"about":[{"href":"https:\/\/docencia.abelgarciaweb.com\/index.php?rest_route=\/wp\/v2\/types\/page"}],"author":[{"embeddable":true,"href":"https:\/\/docencia.abelgarciaweb.com\/index.php?rest_route=\/wp\/v2\/users\/1"}],"replies":[{"embeddable":true,"href":"https:\/\/docencia.abelgarciaweb.com\/index.php?rest_route=%2Fwp%2Fv2%2Fcomments&post=165"}],"version-history":[{"count":41,"href":"https:\/\/docencia.abelgarciaweb.com\/index.php?rest_route=\/wp\/v2\/pages\/165\/revisions"}],"predecessor-version":[{"id":694,"href":"https:\/\/docencia.abelgarciaweb.com\/index.php?rest_route=\/wp\/v2\/pages\/165\/revisions\/694"}],"wp:attachment":[{"href":"https:\/\/docencia.abelgarciaweb.com\/index.php?rest_route=%2Fwp%2Fv2%2Fmedia&parent=165"}],"curies":[{"name":"wp","href":"https:\/\/api.w.org\/{rel}","templated":true}]}}